{"id":1041,"date":"2018-02-16T11:46:43","date_gmt":"2018-02-16T10:46:43","guid":{"rendered":"http:\/\/neu.tsg-leichtathletik-rasenkraftsport.heidenheim.com\/?page_id=1041"},"modified":"2025-01-19T11:58:38","modified_gmt":"2025-01-19T10:58:38","slug":"unsere-lauftreffs","status":"publish","type":"page","link":"https:\/\/tsg-leichtathletik-rasenkraftsport.heidenheim.com\/index.php\/unsere-lauftreffs\/","title":{"rendered":"Unsere Lauftreffs"},"content":{"rendered":"<p><div class=\"fusion-fullwidth fullwidth-box fusion-builder-row-1 nonhundred-percent-fullwidth non-hundred-percent-height-scrolling\" style=\"background-color: rgba(255,255,255,0);background-position: center center;background-repeat: no-repeat;padding-top:0px;padding-right:0px;padding-bottom:0px;padding-left:0px;margin-bottom: 0px;margin-top: 0px;border-width: 0px 0px 0px 0px;border-color:#eae9e9;border-style:solid;\" ><div class=\"fusion-builder-row fusion-row\"><div class=\"fusion-layout-column fusion_builder_column fusion-builder-column-0 fusion_builder_column_1_1 1_1 fusion-one-full fusion-column-first fusion-column-last\" style=\"margin-top:0px;margin-bottom:20px;\"><div class=\"fusion-column-wrapper fusion-flex-column-wrapper-legacy\" style=\"background-position:left top;background-repeat:no-repeat;-webkit-background-size:cover;-moz-background-size:cover;-o-background-size:cover;background-size:cover;padding: 0px 0px 0px 0px;\"><style type=\"text\/css\">.fusion-gallery-1 .fusion-gallery-image {border:0px solid #f6f6f6;}<\/style><div class=\"fusion-gallery fusion-gallery-container fusion-grid-3 fusion-columns-total-3 fusion-gallery-layout-grid fusion-gallery-1\" style=\"margin:-5px;\"><div style=\"padding:5px;\" class=\"fusion-grid-column fusion-gallery-column fusion-gallery-column-3 hover-type-none\"><div class=\"fusion-gallery-image\"><a href=\"https:\/\/tsg-leichtathletik-rasenkraftsport.heidenheim.com\/wp-content\/uploads\/2018\/02\/LNE.jpg\" rel=\"noreferrer\" data-rel=\"iLightbox[gallery_image_1]\" class=\"fusion-lightbox\" target=\"_self\"><img decoding=\"async\" src=\"https:\/\/tsg-leichtathletik-rasenkraftsport.heidenheim.com\/wp-content\/uploads\/2018\/02\/LNE-460x295.jpg\" width=\"460\" height=\"295\" alt=\"\" title=\"Fr\u00fchlingslauf Teilnehmner\" aria-label=\"Fr\u00fchlingslauf Teilnehmner\" class=\"img-responsive wp-image-1091 fusion-gallery-image-size-fixed\" \/><\/a><\/div><\/div><div style=\"padding:5px;\" class=\"fusion-grid-column fusion-gallery-column fusion-gallery-column-3 hover-type-none\"><div class=\"fusion-gallery-image\"><a href=\"https:\/\/tsg-leichtathletik-rasenkraftsport.heidenheim.com\/wp-content\/uploads\/2018\/02\/3-1.jpg\" rel=\"noreferrer\" data-rel=\"iLightbox[gallery_image_1]\" class=\"fusion-lightbox\" target=\"_self\"><img decoding=\"async\" src=\"https:\/\/tsg-leichtathletik-rasenkraftsport.heidenheim.com\/wp-content\/uploads\/2018\/02\/3-1-460x295.jpg\" width=\"460\" height=\"295\" alt=\"\" title=\"3\" aria-label=\"3\" class=\"img-responsive wp-image-1097 fusion-gallery-image-size-fixed\" \/><\/a><\/div><\/div><div style=\"padding:5px;\" class=\"fusion-grid-column fusion-gallery-column fusion-gallery-column-3 hover-type-none\"><div class=\"fusion-gallery-image\"><a href=\"https:\/\/tsg-leichtathletik-rasenkraftsport.heidenheim.com\/wp-content\/uploads\/2018\/02\/2016-Integration-syr-L\u00e4ufer-2.jpg\" rel=\"noreferrer\" data-rel=\"iLightbox[gallery_image_1]\" class=\"fusion-lightbox\" target=\"_self\"><img decoding=\"async\" src=\"https:\/\/tsg-leichtathletik-rasenkraftsport.heidenheim.com\/wp-content\/uploads\/2018\/02\/2016-Integration-syr-L\u00e4ufer-2-460x295.jpg\" width=\"460\" height=\"295\" alt=\"\" title=\"2016 Integration syr L\u00e4ufer (2)\" aria-label=\"2016 Integration syr L\u00e4ufer (2)\" class=\"img-responsive wp-image-1092 fusion-gallery-image-size-fixed\" \/><\/a><\/div><\/div><div class=\"clearfix\"><\/div><\/div><div class=\"fusion-clearfix\"><\/div><\/div><\/div><\/div><\/div><div class=\"fusion-fullwidth fullwidth-box fusion-builder-row-2 nonhundred-percent-fullwidth non-hundred-percent-height-scrolling\" style=\"background-color: rgba(255,255,255,0);background-position: center center;background-repeat: no-repeat;padding-top:0px;padding-right:0px;padding-bottom:0px;padding-left:0px;margin-bottom: 0px;margin-top: 0px;border-width: 0px 0px 0px 0px;border-color:#eae9e9;border-style:solid;\" ><div class=\"fusion-builder-row fusion-row\"><div class=\"fusion-layout-column fusion_builder_column fusion-builder-column-1 fusion_builder_column_1_1 1_1 fusion-one-full fusion-column-first fusion-column-last\" style=\"margin-top:0px;margin-bottom:20px;\"><div class=\"fusion-column-wrapper fusion-flex-column-wrapper-legacy\" style=\"background-position:left top;background-repeat:no-repeat;-webkit-background-size:cover;-moz-background-size:cover;-o-background-size:cover;background-size:cover;padding: 0px 0px 0px 0px;\"><style type=\"text\/css\"><\/style><div class=\"fusion-title title fusion-title-1 fusion-title-text fusion-title-size-two\" style=\"margin-top:10px;margin-right:0px;margin-bottom:20px;margin-left:0px;\"><h2 class=\"title-heading-left\" style=\"margin:0;\">Heute: Verschiedene Lauftreffs<\/h2><div class=\"title-sep-container\"><div class=\"title-sep sep-double sep-solid\" style=\"border-color:#575756;\"><\/div><\/div><\/div><div class=\"fusion-clearfix\"><\/div><\/div><\/div><div class=\"fusion-layout-column fusion_builder_column fusion-builder-column-2 fusion_builder_column_3_4 3_4 fusion-three-fourth fusion-column-first\" style=\"width:75%;width:calc(75% - ( ( 4% ) * 0.75 ) );margin-right: 4%;margin-top:0px;margin-bottom:20px;\"><div class=\"fusion-column-wrapper fusion-flex-column-wrapper-legacy\" style=\"background-position:left top;background-repeat:no-repeat;-webkit-background-size:cover;-moz-background-size:cover;-o-background-size:cover;background-size:cover;padding: 0px 0px 0px 0px;\"><div class=\"fusion-text fusion-text-1\"><p>F\u00fcr jede L\u00e4uferin und jeden L\u00e4ufer haben wir den passenden Lauftreff. Egal ob mit dem Ziel Meisterschaften zu gewinnen oder nur zum Spa\u00df und f\u00fcr die Bewegung, bei uns findet jeder seinen Platz. Daf\u00fcr wird in und um Schnaitheim gelaufen und gewalkt. Auch f\u00fcr die gesellige Runde danach ist noch Zeit.<\/p>\n<\/div><div class=\"fusion-clearfix\"><\/div><\/div><\/div><div class=\"fusion-layout-column fusion_builder_column fusion-builder-column-3 fusion_builder_column_1_4 1_4 fusion-one-fourth fusion-column-last\" style=\"width:25%;width:calc(25% - ( ( 4% ) * 0.25 ) );margin-top:0px;margin-bottom:20px;\"><div class=\"fusion-column-wrapper fusion-flex-column-wrapper-legacy\" style=\"background-position:left top;background-repeat:no-repeat;-webkit-background-size:cover;-moz-background-size:cover;-o-background-size:cover;background-size:cover;padding: 0px 0px 0px 0px;\"><div class=\"fusion-align-block\"><style type=\"text\/css\">.fusion-button.button-1 {border-radius:2px;}<\/style><a class=\"fusion-button button-flat button-large button-default button-1 fusion-button-span-yes fusion-button-default-type\" target=\"_self\" href=\"https:\/\/tsg-leichtathletik-rasenkraftsport.heidenheim.com\/index.php\/laeufer\/trainingszeiten\/\"><span class=\"fusion-button-text\">Zu den aktuellen Trainingszeiten<\/span><\/a><\/div><div class=\"fusion-clearfix\"><\/div><\/div><\/div><\/div><\/div><div class=\"fusion-fullwidth fullwidth-box fusion-builder-row-3 nonhundred-percent-fullwidth non-hundred-percent-height-scrolling\" style=\"background-color: rgba(255,255,255,0);background-position: center center;background-repeat: no-repeat;padding-top:0px;padding-right:0px;padding-bottom:0px;padding-left:0px;margin-bottom: 0px;margin-top: 0px;border-width: 0px 0px 0px 0px;border-color:#eae9e9;border-style:solid;\" ><div class=\"fusion-builder-row fusion-row\"><div class=\"fusion-layout-column fusion_builder_column fusion-builder-column-4 fusion_builder_column_1_1 1_1 fusion-one-full fusion-column-first fusion-column-last\" style=\"margin-top:0px;margin-bottom:20px;\"><div class=\"fusion-column-wrapper fusion-flex-column-wrapper-legacy\" style=\"background-position:left top;background-repeat:no-repeat;-webkit-background-size:cover;-moz-background-size:cover;-o-background-size:cover;background-size:cover;padding: 0px 0px 0px 0px;\"><style type=\"text\/css\"><\/style><div class=\"fusion-title title fusion-title-2 fusion-title-text fusion-title-size-two\" style=\"margin-top:10px;margin-right:0px;margin-bottom:20px;margin-left:0px;\"><h2 class=\"title-heading-left\" style=\"margin:0;\">Fr\u00fcher: Laufend Neues erleben<\/h2><div class=\"title-sep-container\"><div class=\"title-sep sep-double sep-solid\" style=\"border-color:#575756;\"><\/div><\/div><\/div><div class=\"fusion-text fusion-text-2\"><p>Ob Marathon, Halbmarathon oder Zehn-Kilometer-Lauf: Bei einem 14-w\u00f6chigen Training begleiten erfahrene L\u00e4ufer der TSG Schnaitheim Hobby-Athleten bei ihrer Vorbereitung auf den Heidenheimer Sparkassen Stadtlauf.<\/p>\n<p>F\u00fcnfzehn Mal bereits haben die Schnaitheimer Athleten rund um Abteilungsleiter J\u00fcrgen K\u00e4der v\u00f6llig unerfahrene L\u00e4ufer sowie Hobbyl\u00e4ufer auf den Stadtlauf vorbereitet, immer mit Erfolg. Diesmal richtet sich ihr Angebot an Hobbyl\u00e4ufer, die den Heidenheimer Sparkassen Stadtlauf als Gelegenheit nutzen wollen, einen Wettbewerb in der Heimatstadt zu bestreiten.<\/p>\n<p>Trainiert wird in zwei Gruppen mit unterschiedlichen Zielen und Leistungsniveaus. Eine Gruppe trainiert auf den Marathon, die zweite Gruppe entscheidet w\u00e4hrend des Trainings, ob sie die Zehn- oder 21-Kilometer-Strecke anpeilen wollen.<\/p>\n<p>\u201eLaufend Neues erleben\u201c richtet sich an Freizeitjogger, bei denen nicht die Zielzeit, sondern das gemeinsame Laufen, der Spa\u00df und die Motivation im Vordergrund stehen.<\/p>\n<\/div><div class=\"fusion-clearfix\"><\/div><\/div><\/div><\/div><\/div><\/p>\n","protected":false},"excerpt":{"rendered":"","protected":false},"author":13,"featured_media":0,"parent":0,"menu_order":0,"comment_status":"closed","ping_status":"closed","template":"","meta":{"footnotes":""},"class_list":["post-1041","page","type-page","status-publish","hentry"],"_links":{"self":[{"href":"https:\/\/tsg-leichtathletik-rasenkraftsport.heidenheim.com\/index.php\/wp-json\/wp\/v2\/pages\/1041","targetHints":{"allow":["GET"]}}],"collection":[{"href":"https:\/\/tsg-leichtathletik-rasenkraftsport.heidenheim.com\/index.php\/wp-json\/wp\/v2\/pages"}],"about":[{"href":"https:\/\/tsg-leichtathletik-rasenkraftsport.heidenheim.com\/index.php\/wp-json\/wp\/v2\/types\/page"}],"author":[{"embeddable":true,"href":"https:\/\/tsg-leichtathletik-rasenkraftsport.heidenheim.com\/index.php\/wp-json\/wp\/v2\/users\/13"}],"replies":[{"embeddable":true,"href":"https:\/\/tsg-leichtathletik-rasenkraftsport.heidenheim.com\/index.php\/wp-json\/wp\/v2\/comments?post=1041"}],"version-history":[{"count":30,"href":"https:\/\/tsg-leichtathletik-rasenkraftsport.heidenheim.com\/index.php\/wp-json\/wp\/v2\/pages\/1041\/revisions"}],"predecessor-version":[{"id":4180,"href":"https:\/\/tsg-leichtathletik-rasenkraftsport.heidenheim.com\/index.php\/wp-json\/wp\/v2\/pages\/1041\/revisions\/4180"}],"wp:attachment":[{"href":"https:\/\/tsg-leichtathletik-rasenkraftsport.heidenheim.com\/index.php\/wp-json\/wp\/v2\/media?parent=1041"}],"curies":[{"name":"wp","href":"https:\/\/api.w.org\/{rel}","templated":true}]}}