{"id":228,"date":"2017-08-30T11:19:01","date_gmt":"2017-08-30T09:19:01","guid":{"rendered":"http:\/\/neu.tsg-leichtathletik-rasenkraftsport.heidenheim.com\/?page_id=228"},"modified":"2024-08-17T11:08:27","modified_gmt":"2024-08-17T09:08:27","slug":"rasenkraftsport","status":"publish","type":"page","link":"https:\/\/tsg-leichtathletik-rasenkraftsport.heidenheim.com\/index.php\/rasenkraftsport\/","title":{"rendered":"Rasenkraftsport"},"content":{"rendered":"<p><div class=\"fusion-fullwidth fullwidth-box fusion-builder-row-1 nonhundred-percent-fullwidth non-hundred-percent-height-scrolling fusion-equal-height-columns\" style=\"background-color: rgba(255,255,255,0);background-position: center center;background-repeat: no-repeat;padding-top:0px;padding-right:0px;padding-bottom:0px;padding-left:0px;margin-bottom: 40px;margin-top: 0px;border-width: 0px 0px 0px 0px;border-color:#eae9e9;border-style:solid;\" ><div class=\"fusion-builder-row fusion-row\"><div class=\"fusion-layout-column fusion_builder_column fusion-builder-column-0 fusion_builder_column_1_1 1_1 fusion-one-full fusion-column-first fusion-column-last\" style=\"margin-top:0px;margin-bottom:20px;\"><div class=\"fusion-column-wrapper fusion-flex-column-wrapper-legacy\" style=\"background-position:left top;background-repeat:no-repeat;-webkit-background-size:cover;-moz-background-size:cover;-o-background-size:cover;background-size:cover;padding: 0px 0px 0px 0px;\"><style type=\"text\/css\">.fusion-gallery-1 .fusion-gallery-image {border:0px solid #f6f6f6;}<\/style><div class=\"fusion-gallery fusion-gallery-container fusion-grid-3 fusion-columns-total-3 fusion-gallery-layout-grid fusion-gallery-1\" style=\"margin:-5px;\"><div style=\"padding:5px;\" class=\"fusion-grid-column fusion-gallery-column fusion-gallery-column-3 hover-type-none\"><div class=\"fusion-gallery-image\"><a href=\"https:\/\/tsg-leichtathletik-rasenkraftsport.heidenheim.com\/wp-content\/uploads\/2024\/08\/wuertt-RKS-Ossweil-2023-1.jpg\" rel=\"noreferrer\" data-rel=\"iLightbox[gallery_image_1]\" class=\"fusion-lightbox\" target=\"_self\"><img decoding=\"async\" src=\"https:\/\/tsg-leichtathletik-rasenkraftsport.heidenheim.com\/wp-content\/uploads\/2024\/08\/wuertt-RKS-Ossweil-2023-1-460x295.jpg\" width=\"460\" height=\"295\" alt=\"\" title=\"wuertt-RKS-Ossweil-2023-1\" aria-label=\"wuertt-RKS-Ossweil-2023-1\" class=\"img-responsive wp-image-4031 fusion-gallery-image-size-fixed\" \/><\/a><\/div><\/div><div style=\"padding:5px;\" class=\"fusion-grid-column fusion-gallery-column fusion-gallery-column-3 hover-type-none\"><div class=\"fusion-gallery-image\"><a href=\"https:\/\/tsg-leichtathletik-rasenkraftsport.heidenheim.com\/wp-content\/uploads\/2024\/08\/wuerttemb-HDH-Juni24-4.jpg\" rel=\"noreferrer\" data-rel=\"iLightbox[gallery_image_1]\" class=\"fusion-lightbox\" target=\"_self\"><img decoding=\"async\" src=\"https:\/\/tsg-leichtathletik-rasenkraftsport.heidenheim.com\/wp-content\/uploads\/2024\/08\/wuerttemb-HDH-Juni24-4-460x295.jpg\" width=\"460\" height=\"295\" alt=\"\" title=\"wuerttemb-HDH-Juni24-4\" aria-label=\"wuerttemb-HDH-Juni24-4\" class=\"img-responsive wp-image-4029 fusion-gallery-image-size-fixed\" \/><\/a><\/div><\/div><div style=\"padding:5px;\" class=\"fusion-grid-column fusion-gallery-column fusion-gallery-column-3 hover-type-none\"><div class=\"fusion-gallery-image\"><a href=\"https:\/\/tsg-leichtathletik-rasenkraftsport.heidenheim.com\/wp-content\/uploads\/2018\/02\/RKS-03-01-e1518778180460.jpg\" rel=\"noreferrer\" data-rel=\"iLightbox[gallery_image_1]\" class=\"fusion-lightbox\" target=\"_self\"><img decoding=\"async\" src=\"https:\/\/tsg-leichtathletik-rasenkraftsport.heidenheim.com\/wp-content\/uploads\/2018\/02\/RKS-03-01-e1518778180460-460x295.jpg\" width=\"460\" height=\"295\" alt=\"\" title=\"RKS-03-01-e1518778180460\" aria-label=\"RKS-03-01-e1518778180460\" class=\"img-responsive wp-image-1151 fusion-gallery-image-size-fixed\" srcset=\"https:\/\/tsg-leichtathletik-rasenkraftsport.heidenheim.com\/wp-content\/uploads\/2018\/02\/RKS-03-01-e1518778180460-200x128.jpg 200w, https:\/\/tsg-leichtathletik-rasenkraftsport.heidenheim.com\/wp-content\/uploads\/2018\/02\/RKS-03-01-e1518778180460-300x191.jpg 300w, https:\/\/tsg-leichtathletik-rasenkraftsport.heidenheim.com\/wp-content\/uploads\/2018\/02\/RKS-03-01-e1518778180460-460x295.jpg 460w\" sizes=\"(max-width: 460px) 100vw, 460px\" \/><\/a><\/div><\/div><div class=\"clearfix\"><\/div><\/div><div class=\"fusion-clearfix\"><\/div><\/div><\/div><\/div><\/div><div class=\"fusion-fullwidth fullwidth-box fusion-builder-row-2 nonhundred-percent-fullwidth non-hundred-percent-height-scrolling\" style=\"background-color: rgba(255,255,255,0);background-position: center center;background-repeat: no-repeat;padding-top:0px;padding-right:0px;padding-bottom:0px;padding-left:0px;margin-bottom: 40px;margin-top: 0px;border-width: 0px 0px 0px 0px;border-color:#eae9e9;border-style:solid;\" ><div class=\"fusion-builder-row fusion-row\"><div class=\"fusion-layout-column fusion_builder_column fusion-builder-column-1 fusion_builder_column_1_1 1_1 fusion-one-full fusion-column-first fusion-column-last\" style=\"margin-top:0px;margin-bottom:20px;\"><div class=\"fusion-column-wrapper fusion-flex-column-wrapper-legacy\" style=\"background-position:left top;background-repeat:no-repeat;-webkit-background-size:cover;-moz-background-size:cover;-o-background-size:cover;background-size:cover;padding: 0px 0px 0px 0px;\"><style type=\"text\/css\"><\/style><div class=\"fusion-title title fusion-title-1 fusion-title-text fusion-title-size-two\" style=\"margin-top:0px;margin-right:0px;margin-bottom:20px;margin-left:0px;\"><h2 class=\"title-heading-left\" style=\"margin:0;\">\u00dcber die Abteilung<\/h2><div class=\"title-sep-container\"><div class=\"title-sep sep-double sep-solid\" style=\"border-color:#575756;\"><\/div><\/div><\/div><div class=\"fusion-text fusion-text-1\"><p>Der <strong>Rasenkraftsport<\/strong> ist Teil der sogenannten Schwerathletik. Er umfasst die Disziplinen <strong>Hammerwerfen, Gewichtwerfen und Steinsto\u00dfen<\/strong>, welche als Einzeldisziplinen oder im Dreikampf durchgef\u00fchrt werden.\u00a0Die Gewichte der jeweiligen Ger\u00e4te richten sich nach Altersgruppen.\u00a0Um jedem faire Chancen in Meisterschaften und Rekordversuchen zu erm\u00f6glichen, sind diese wiederum in Gewichtsklassen unterteilt.<\/p>\n<\/div><div class=\"fusion-clearfix\"><\/div><\/div><\/div><\/div><\/div><div class=\"fusion-fullwidth fullwidth-box fusion-builder-row-3 nonhundred-percent-fullwidth non-hundred-percent-height-scrolling\" style=\"background-color: rgba(255,255,255,0);background-position: center center;background-repeat: no-repeat;padding-top:0px;padding-right:0px;padding-bottom:0px;padding-left:0px;margin-bottom: 40px;margin-top: 0px;border-width: 0px 0px 0px 0px;border-color:#eae9e9;border-style:solid;\" ><div class=\"fusion-builder-row fusion-row\"><div class=\"fusion-layout-column fusion_builder_column fusion-builder-column-2 fusion_builder_column_1_1 1_1 fusion-one-full fusion-column-first fusion-column-last\" style=\"margin-top:0px;margin-bottom:20px;\"><div class=\"fusion-column-wrapper fusion-flex-column-wrapper-legacy\" style=\"background-position:left top;background-repeat:no-repeat;-webkit-background-size:cover;-moz-background-size:cover;-o-background-size:cover;background-size:cover;padding: 0px 0px 0px 0px;\"><style type=\"text\/css\"><\/style><div class=\"fusion-title title fusion-title-2 fusion-title-text fusion-title-size-two\" style=\"margin-top:0px;margin-right:0px;margin-bottom:20px;margin-left:0px;\"><h2 class=\"title-heading-left\" style=\"margin:0;\">Aktuelle Beitr\u00e4ge zum Rasenkraftsport<\/h2><div class=\"title-sep-container\"><div class=\"title-sep sep-double sep-solid\" style=\"border-color:#575756;\"><\/div><\/div><\/div><div class=\"fusion-blog-shortcode fusion-blog-shortcode-1 fusion-blog-archive fusion-blog-layout-grid-wrapper fusion-blog-pagination fusion-blog-no-images\"><style type=\"text\/css\">.fusion-blog-shortcode-1 .fusion-blog-layout-grid .fusion-post-grid{padding:20px;}.fusion-blog-shortcode-1 .fusion-posts-container{margin-left: -20px !important; margin-right:-20px !important;}<\/style><div class=\"fusion-posts-container fusion-posts-container-pagination fusion-no-meta-info fusion-blog-layout-grid fusion-blog-layout-grid-2 isotope\" data-pages=\"7\" data-grid-col-space=\"40\" style=\"margin: -20px -20px 0;min-height:500px;\"><article id=\"blog-1-post-4453\" class=\"fusion-post-grid post-4453 post type-post status-publish format-standard has-post-thumbnail hentry category-rasenkraftsport\">\n<div class=\"fusion-post-wrapper\" style=\"background-color:rgba(255,255,255,0);border:1px solid #ebeaea;border-bottom-width:3px;\"><div class=\"fusion-post-content-wrapper\" style=\"padding:30px 25px 20px 25px;\"><div class=\"fusion-post-content post-content\"><h2 class=\"blog-shortcode-post-title entry-title\"><a href=\"https:\/\/tsg-leichtathletik-rasenkraftsport.heidenheim.com\/index.php\/2026\/03\/02\/1-maerz-2026-wuerttembergische-hallenmeisterschaften-steinstossen\/\"><strong>1. M\u00e4rz 2026<\/strong> &#8211; W\u00fcrttembergische Hallenmeisterschaften Steinsto\u00dfen<\/a><\/h2><div class=\"fusion-post-content-container\"><p> Saisonauftakt im Rasenkraftsport Am Sonntag 1. M\u00e4rz ging es in der Leichtathletikhalle in Schw\u00e4bisch Gm\u00fcnd um die ersten Titel der Saison im Rasenkraftsport. Mit 10 Personen waren wir in verschiedenen Altersklassen angetreten. 7 Meistertitel, 5 zweite Pl\u00e4tze sowie ein dritter Platz war am Ende des Tages die Ausbeute f\u00fcr [...]<\/p><\/div><\/div><\/div><div class=\"fusion-clearfix\"><\/div><\/div>\n<\/article>\n<article id=\"blog-1-post-4418\" class=\"fusion-post-grid post-4418 post type-post status-publish format-standard has-post-thumbnail hentry category-rasenkraftsport\">\n<div class=\"fusion-post-wrapper\" style=\"background-color:rgba(255,255,255,0);border:1px solid #ebeaea;border-bottom-width:3px;\"><div class=\"fusion-post-content-wrapper\" style=\"padding:30px 25px 20px 25px;\"><div class=\"fusion-post-content post-content\"><h2 class=\"blog-shortcode-post-title entry-title\"><a href=\"https:\/\/tsg-leichtathletik-rasenkraftsport.heidenheim.com\/index.php\/2026\/02\/01\/24-januar-2026-rasenkraftsport-lehrgang\/\"><strong>24. Januar 2026<\/strong> &#8211; Rasenkraftsport Lehrgang<\/a><\/h2><div class=\"fusion-post-content-container\"><p> Am 24. Januar 2026 waren wir zu einem Nachwuchs Trainingslehrgang nach O\u00dfweil eingeladen. Um 10:30 Uhr morgens ging es in der Halle mit dem aufw\u00e4rmen, bei dem es auch gleichzeitig um das gegenseitige Kennenlernen ging, los. Daraufhin folgte die erste Einheit: dem Sprungkrafttraining. Diese wurde haupts\u00e4chlich von Ralf, dem [...]<\/p><\/div><\/div><\/div><div class=\"fusion-clearfix\"><\/div><\/div>\n<\/article>\n<article id=\"blog-1-post-4373\" class=\"fusion-post-grid post-4373 post type-post status-publish format-standard has-post-thumbnail hentry category-rasenkraftsport\">\n<div class=\"fusion-post-wrapper\" style=\"background-color:rgba(255,255,255,0);border:1px solid #ebeaea;border-bottom-width:3px;\"><div class=\"fusion-post-content-wrapper\" style=\"padding:30px 25px 20px 25px;\"><div class=\"fusion-post-content post-content\"><h2 class=\"blog-shortcode-post-title entry-title\"><a href=\"https:\/\/tsg-leichtathletik-rasenkraftsport.heidenheim.com\/index.php\/2025\/10\/19\/18-19-seprember-2025-deutsche-hallenmeisterschaften-steinstossen\/\"><strong>18.\/19. Seprember 2025<\/strong> &#8211; Deutsche Hallenmeisterschaften Steinsto\u00dfen<\/a><\/h2><div class=\"fusion-post-content-container\"><p> Tolle Leistungen zum Saisonabschluss im Steinsto\u00dfen Am 18. \/ 19. Oktober 2025 gab es eine abgespeckte Version der deutschen Hallen Steinsto\u00dfmeisterschaften f\u00fcr die Jugendlichen und Aktiven in Schw\u00e4bisch Gm\u00fcnd. Der WRTV hatte sich bereiterkl\u00e4rt die Veranstaltung durchzuf\u00fchren und wir von der TSG waren gemeinsam mit O\u00dfweil und Dischingen Ausrichter [...]<\/p><\/div><\/div><\/div><div class=\"fusion-clearfix\"><\/div><\/div>\n<\/article>\n<article id=\"blog-1-post-4351\" class=\"fusion-post-grid post-4351 post type-post status-publish format-standard has-post-thumbnail hentry category-rasenkraftsport\">\n<div class=\"fusion-post-wrapper\" style=\"background-color:rgba(255,255,255,0);border:1px solid #ebeaea;border-bottom-width:3px;\"><div class=\"fusion-post-content-wrapper\" style=\"padding:30px 25px 20px 25px;\"><div class=\"fusion-post-content post-content\"><h2 class=\"blog-shortcode-post-title entry-title\"><a href=\"https:\/\/tsg-leichtathletik-rasenkraftsport.heidenheim.com\/index.php\/2025\/10\/06\/4-5-oktober-2025-sueddeutsche-meisterschaften-rasenkraftsport\/\"><strong>4.\/5. Oktober 2025<\/strong> &#8211; S\u00fcddeutsche Meisterschaften Rasenkraftsport<\/a><\/h2><div class=\"fusion-post-content-container\"><p> Erfolgreiche Werfer am Einheitswochenende bei den s\u00fcddeutschen Rasenkraftsportmeisterschaften in Memmingen Tag1: Bei sch\u00f6nem aber kalten Wettkampfwetter ging es mit den j\u00fcngsten in der Altersklasse U12 los. Mats Kraft holte sich im Leichtgewicht in allen Disziplinen sowie im Dreikampf den Meistertitel. 16,74 m mit dem Hammer, 11,88 m (PB) im [...]<\/p><\/div><\/div><\/div><div class=\"fusion-clearfix\"><\/div><\/div>\n<\/article>\n<div class=\"fusion-clearfix\"><\/div><\/div><div class=\"pagination clearfix\"><span class=\"current\">1<\/span><a href=\"https:\/\/tsg-leichtathletik-rasenkraftsport.heidenheim.com\/index.php\/wp-json\/wp\/v2\/pages\/228\/page\/2\/\" class=\"inactive\">2<\/a><a class=\"pagination-next\" rel=\"next\" href=\"https:\/\/tsg-leichtathletik-rasenkraftsport.heidenheim.com\/index.php\/wp-json\/wp\/v2\/pages\/228\/page\/2\/\"><span class=\"page-text\">Vor<\/span><span class=\"page-next\"><\/span><\/a><\/div><div class=\"fusion-clearfix\"><\/div><\/div><div class=\"fusion-clearfix\"><\/div><\/div><\/div><\/div><\/div><\/p>\n","protected":false},"excerpt":{"rendered":"","protected":false},"author":12,"featured_media":0,"parent":0,"menu_order":0,"comment_status":"closed","ping_status":"closed","template":"","meta":{"footnotes":""},"class_list":["post-228","page","type-page","status-publish","hentry"],"_links":{"self":[{"href":"https:\/\/tsg-leichtathletik-rasenkraftsport.heidenheim.com\/index.php\/wp-json\/wp\/v2\/pages\/228","targetHints":{"allow":["GET"]}}],"collection":[{"href":"https:\/\/tsg-leichtathletik-rasenkraftsport.heidenheim.com\/index.php\/wp-json\/wp\/v2\/pages"}],"about":[{"href":"https:\/\/tsg-leichtathletik-rasenkraftsport.heidenheim.com\/index.php\/wp-json\/wp\/v2\/types\/page"}],"author":[{"embeddable":true,"href":"https:\/\/tsg-leichtathletik-rasenkraftsport.heidenheim.com\/index.php\/wp-json\/wp\/v2\/users\/12"}],"replies":[{"embeddable":true,"href":"https:\/\/tsg-leichtathletik-rasenkraftsport.heidenheim.com\/index.php\/wp-json\/wp\/v2\/comments?post=228"}],"version-history":[{"count":40,"href":"https:\/\/tsg-leichtathletik-rasenkraftsport.heidenheim.com\/index.php\/wp-json\/wp\/v2\/pages\/228\/revisions"}],"predecessor-version":[{"id":4032,"href":"https:\/\/tsg-leichtathletik-rasenkraftsport.heidenheim.com\/index.php\/wp-json\/wp\/v2\/pages\/228\/revisions\/4032"}],"wp:attachment":[{"href":"https:\/\/tsg-leichtathletik-rasenkraftsport.heidenheim.com\/index.php\/wp-json\/wp\/v2\/media?parent=228"}],"curies":[{"name":"wp","href":"https:\/\/api.w.org\/{rel}","templated":true}]}}