{"id":3007,"date":"2021-05-23T10:17:46","date_gmt":"2021-05-23T08:17:46","guid":{"rendered":"http:\/\/tsg-leichtathletik-rasenkraftsport.heidenheim.com\/?page_id=3007"},"modified":"2021-06-06T19:06:04","modified_gmt":"2021-06-06T17:06:04","slug":"waldsportpfad","status":"publish","type":"page","link":"https:\/\/tsg-leichtathletik-rasenkraftsport.heidenheim.com\/index.php\/waldsportpfad\/","title":{"rendered":"Waldsportpfad"},"content":{"rendered":"<div class=\"fusion-fullwidth fullwidth-box fusion-builder-row-1 fusion-flex-container nonhundred-percent-fullwidth non-hundred-percent-height-scrolling\" style=\"background-color: rgba(255,255,255,0);background-position: center center;background-repeat: no-repeat;border-width: 0px 0px 0px 0px;border-color:#eae9e9;border-style:solid;\" ><div class=\"fusion-builder-row fusion-row fusion-flex-align-items-flex-start\" style=\"max-width:1144px;margin-left: calc(-4% \/ 2 );margin-right: calc(-4% \/ 2 );\"><div class=\"fusion-layout-column fusion_builder_column fusion-builder-column-0 fusion_builder_column_1_1 1_1 fusion-flex-column\"><div class=\"fusion-column-wrapper fusion-flex-justify-content-flex-start fusion-content-layout-column\" style=\"background-position:left top;background-repeat:no-repeat;-webkit-background-size:cover;-moz-background-size:cover;-o-background-size:cover;background-size:cover;padding: 0px 0px 0px 0px;\"><div class=\"fusion-text fusion-text-1\"><h2>Trainiere auf dem Waldsportpfad Moldenberg!<\/h2>\n<\/div><div class=\"fusion-text fusion-text-2\"><p>F\u00fcr alle, die ihn noch nicht kennen oder wiederentdecken m\u00f6chten, haben wir f\u00fcr Euch anbei den Streckenverlauf des Schnaitheimer Waldsportpfad aufgezeichnet. Start und Ziel ist gekennzeichnet mit einem Holzschild gegen\u00fcber den Parkpl\u00e4tzen hinter dem Volleyballfeld. Eine Runde ist 1,7 Km lang und es gibt 9 Stationen, die absolviert werden k\u00f6nnen. Um den richtigen Weg zu finden, folgt den Holzschildern mit schwarzem Punkt, die an fast allen Abzweigungen angebracht sind:<\/p>\n<\/div><div class=\"fusion-text fusion-text-3\"><\/div><style type=\"text\/css\">.fusion-gallery-1 .fusion-gallery-image {border:0px solid #f6f6f6;}<\/style><div class=\"fusion-gallery fusion-gallery-container fusion-grid-3 fusion-columns-total-2 fusion-gallery-layout-grid fusion-gallery-1\" style=\"margin:-5px;\"><div style=\"padding:5px;\" class=\"fusion-grid-column fusion-gallery-column fusion-gallery-column-3 hover-type-none\"><div class=\"fusion-gallery-image\"><a href=\"https:\/\/tsg-leichtathletik-rasenkraftsport.heidenheim.com\/wp-content\/uploads\/2021\/04\/Waldsportpf1.jpg\" rel=\"noreferrer\" data-rel=\"iLightbox[gallery_image_1]\" class=\"fusion-lightbox\" target=\"_self\"><img decoding=\"async\" src=\"https:\/\/tsg-leichtathletik-rasenkraftsport.heidenheim.com\/wp-content\/uploads\/2021\/04\/Waldsportpf1.jpg\" width=\"953\" height=\"715\" alt=\"\" title=\"Waldsportpf1\" aria-label=\"Waldsportpf1\" class=\"img-responsive wp-image-3000\" srcset=\"https:\/\/tsg-leichtathletik-rasenkraftsport.heidenheim.com\/wp-content\/uploads\/2021\/04\/Waldsportpf1-200x150.jpg 200w, https:\/\/tsg-leichtathletik-rasenkraftsport.heidenheim.com\/wp-content\/uploads\/2021\/04\/Waldsportpf1-400x300.jpg 400w, https:\/\/tsg-leichtathletik-rasenkraftsport.heidenheim.com\/wp-content\/uploads\/2021\/04\/Waldsportpf1-600x450.jpg 600w, https:\/\/tsg-leichtathletik-rasenkraftsport.heidenheim.com\/wp-content\/uploads\/2021\/04\/Waldsportpf1-800x600.jpg 800w, https:\/\/tsg-leichtathletik-rasenkraftsport.heidenheim.com\/wp-content\/uploads\/2021\/04\/Waldsportpf1.jpg 953w\" sizes=\"(min-width: 2200px) 100vw, (min-width: 784px) 363px, (min-width: 712px) 545px, (min-width: 640px) 712px, \" \/><\/a><\/div><\/div><div style=\"padding:5px;\" class=\"fusion-grid-column fusion-gallery-column fusion-gallery-column-3 hover-type-none\"><div class=\"fusion-gallery-image\"><a href=\"https:\/\/tsg-leichtathletik-rasenkraftsport.heidenheim.com\/wp-content\/uploads\/2021\/04\/Waldsportpf2.jpg\" rel=\"noreferrer\" data-rel=\"iLightbox[gallery_image_1]\" class=\"fusion-lightbox\" target=\"_self\"><img decoding=\"async\" src=\"https:\/\/tsg-leichtathletik-rasenkraftsport.heidenheim.com\/wp-content\/uploads\/2021\/04\/Waldsportpf2.jpg\" width=\"953\" height=\"715\" alt=\"\" title=\"Waldsportpf2\" aria-label=\"Waldsportpf2\" class=\"img-responsive wp-image-3002\" srcset=\"https:\/\/tsg-leichtathletik-rasenkraftsport.heidenheim.com\/wp-content\/uploads\/2021\/04\/Waldsportpf2-200x150.jpg 200w, https:\/\/tsg-leichtathletik-rasenkraftsport.heidenheim.com\/wp-content\/uploads\/2021\/04\/Waldsportpf2-400x300.jpg 400w, https:\/\/tsg-leichtathletik-rasenkraftsport.heidenheim.com\/wp-content\/uploads\/2021\/04\/Waldsportpf2-600x450.jpg 600w, https:\/\/tsg-leichtathletik-rasenkraftsport.heidenheim.com\/wp-content\/uploads\/2021\/04\/Waldsportpf2-800x600.jpg 800w, https:\/\/tsg-leichtathletik-rasenkraftsport.heidenheim.com\/wp-content\/uploads\/2021\/04\/Waldsportpf2.jpg 953w\" sizes=\"(min-width: 2200px) 100vw, (min-width: 784px) 363px, (min-width: 712px) 545px, (min-width: 640px) 712px, \" \/><\/a><\/div><\/div><\/div><div class=\"fusion-text fusion-text-4\"><\/div><div class=\"fusion-separator fusion-full-width-sep\" style=\"align-self: center;margin-left: auto;margin-right: auto;width:100%;\"><div class=\"fusion-separator-border sep-double\" style=\"border-color:#e0dede;border-top-width:1px;border-bottom-width:1px;\"><\/div><\/div><div class=\"fusion-text fusion-text-5\"><h2>Als Anregung hier die Karte mit den Stationen:<\/h2>\n<\/div><div class=\"fusion-text fusion-text-6\">\t<div class=\"wrap_svl_center\">\r\n\t<div class=\"wrap_svl_center_box\">\r\n\t<div class=\"wrap_svl\" id=\"body_drag_3009\">\r\n\t\t<div class=\"images_wrap\">\r\n                            <img decoding=\"async\" src=\"http:\/\/tsg-leichtathletik-rasenkraftsport.heidenheim.com\/wp-content\/uploads\/2021\/05\/route-ausschnitt.jpg\" alt=\"\">\r\n            \t\t<\/div>\t\r\n\t\t \t\t \t\t <div class=\"drag_element tips \" style=\"top:77.25%;left:68.83%;\" >\r\n\t\t \t<div class=\"point_style has-hover ihotspot_tooltop_html\" data-placement=\"n\" data-html=\"\t\t \t\t\t                  &lt;div class=&quot;box_view_html&quot;&gt;\r\n\t\t\t\t\t&lt;span class=&quot;close_ihp&quot;&gt;\r\n\t\t\t\t\t\t&lt;svg version=&quot;1.1&quot; xmlns=&quot;http:\/\/www.w3.org\/2000\/svg&quot; xmlns:xlink=&quot;http:\/\/www.w3.org\/1999\/xlink&quot; x=&quot;0px&quot; y=&quot;0px&quot; viewBox=&quot;0 0 1000 1000&quot; enable-background=&quot;new 0 0 1000 1000&quot; xml:space=&quot;preserve&quot;&gt;&lt;g&gt;&lt;path d=&quot;M153.7,153.7C57.9,249.5,10,365.3,10,499c0,135.7,47.9,251.5,143.7,347.3l0,0C249.5,942.1,363.3,990,499,990c135.7,0,251.5-47.9,347.3-143.7C942.1,750.5,990,634.7,990,499c0-135.7-47.9-249.5-143.7-345.3l0,0C750.5,57.9,634.7,10,499,10C365.3,10,249.5,57.9,153.7,153.7z M209.6,211.6l2-2C289.4,129.7,387.2,89.8,499,89.8c113.8,0,209.6,39.9,291.4,121.8c79.8,77.8,119.8,175.6,119.8,287.4c0,113.8-39.9,209.6-119.8,291.4C708.6,870.3,612.8,910.2,499,910.2c-111.8,0-209.6-39.9-287.4-119.8C129.8,708.6,89.8,612.8,89.8,499C89.8,387.2,129.8,289.4,209.6,211.6z&quot;\/&gt;&lt;path d=&quot;M293.4,331.3c0,12,4,22,12,29.9L443.1,497L305.4,632.7c-8,8-12,18-12,29.9c0,10,4,18,12,26c8,8,18,12,28,12c12,0,20-4,27.9-10L499,552.9l135.7,137.7c8,6,16,10,28,10c12,0,21.9-4,27.9-10c8-8,12-18,12-28c0-12-4-21.9-12-29.9L554.9,497l135.7-135.7c8-8,12-18,12-27.9c0-12-4-22-12-29.9c-6-8-16-12-25.9-12c-12,0-21.9,4-29.9,12L499,441.1L363.3,303.4c-8-8-18-12-29.9-12c-10,0-20,4-28,12C297.4,311.4,293.4,321.4,293.4,331.3z&quot;\/&gt;&lt;\/g&gt;&lt;\/svg&gt;&lt;\/span&gt;\r\n\t\t\t\t\t\t&lt;p&gt;LOS GEHT&#8217;S ! VIEL SPASS \ud83d\ude42&lt;\/p&gt;\n\t\t\t\t\t&lt;\/div&gt;\r\n\t\t\t \t\t \t\t \">\r\n\t\t \t\t\t\t\t \t\t\t\t\t \t\t<img decoding=\"async\" src=\"http:\/\/tsg-leichtathletik-rasenkraftsport.heidenheim.com\/wp-content\/uploads\/2021\/05\/play-145676_960_720-e1621760573516.png\" class=\"pins_image ihotspot_hastooltop\" style=\"top:-16px;left:-8px\" alt=\"\">\r\n\t\t\t \t\t<img decoding=\"async\" src=\"http:\/\/tsg-leichtathletik-rasenkraftsport.heidenheim.com\/wp-content\/uploads\/2021\/05\/StationStart.jpg\" class=\"pins_image_hover ihotspot_hastooltop\"  style=\"top:-0px;left:-0px\" alt=\"\">\t\t \t\t\t\t \t<\/div>\r\n\t\t <\/div>\r\n\t\t \t\t <div class=\"drag_element tips \" style=\"top:59.46%;left:42.48%;\" >\r\n\t\t \t<div class=\"point_style has-hover ihotspot_tooltop_html\" data-placement=\"n\" data-html=\"\t\t \t\t\t \t\t \t\t \">\r\n\t\t \t\t\t\t\t \t\t\t\t\t \t\t<img decoding=\"async\" src=\"http:\/\/tsg-leichtathletik-rasenkraftsport.heidenheim.com\/wp-content\/uploads\/2021\/05\/1-1-e1621773936170.jpg\" class=\"pins_image \" style=\"top:-16px;left:-8px\" alt=\"\">\r\n\t\t\t \t\t<img decoding=\"async\" src=\"http:\/\/tsg-leichtathletik-rasenkraftsport.heidenheim.com\/wp-content\/uploads\/2021\/05\/Station1.jpg\" class=\"pins_image_hover \"  style=\"top:-0px;left:-0px\" alt=\"\">\t\t \t\t\t\t \t<\/div>\r\n\t\t <\/div>\r\n\t\t \t\t <div class=\"drag_element tips \" style=\"top:49.69%;left:32.71%;\" >\r\n\t\t \t<div class=\"point_style has-hover ihotspot_tooltop_html\" data-placement=\"n\" data-html=\"\t\t \t\t\t \t\t \t\t \">\r\n\t\t \t\t\t\t\t \t\t\t\t\t \t\t<img decoding=\"async\" src=\"http:\/\/tsg-leichtathletik-rasenkraftsport.heidenheim.com\/wp-content\/uploads\/2021\/05\/2-1-e1621773925888.jpg\" class=\"pins_image \" style=\"top:-16px;left:-8px\" alt=\"\">\r\n\t\t\t \t\t<img decoding=\"async\" src=\"http:\/\/tsg-leichtathletik-rasenkraftsport.heidenheim.com\/wp-content\/uploads\/2021\/05\/Station2.jpg\" class=\"pins_image_hover \"  style=\"top:-0px;left:-0px\" alt=\"\">\t\t \t\t\t\t \t<\/div>\r\n\t\t <\/div>\r\n\t\t \t\t <div class=\"drag_element tips \" style=\"top:40.79%;left:34.57%;\" >\r\n\t\t \t<div class=\"point_style has-hover ihotspot_tooltop_html\" data-placement=\"n\" data-html=\"\t\t \t\t\t \t\t \t\t \">\r\n\t\t \t\t\t\t\t \t\t\t\t\t \t\t<img decoding=\"async\" src=\"http:\/\/tsg-leichtathletik-rasenkraftsport.heidenheim.com\/wp-content\/uploads\/2021\/05\/3-1-e1621773915406.jpg\" class=\"pins_image \" style=\"top:-16px;left:-8px\" alt=\"\">\r\n\t\t\t \t\t<img decoding=\"async\" src=\"http:\/\/tsg-leichtathletik-rasenkraftsport.heidenheim.com\/wp-content\/uploads\/2021\/05\/Station3-e1621760521112.jpg\" class=\"pins_image_hover \"  style=\"top:-0px;left:-0px\" alt=\"\">\t\t \t\t\t\t \t<\/div>\r\n\t\t <\/div>\r\n\t\t \t\t <div class=\"drag_element tips \" style=\"top:31.02%;left:30.7%;\" >\r\n\t\t \t<div class=\"point_style has-hover ihotspot_tooltop_html\" data-placement=\"n\" data-html=\"\t\t \t\t\t \t\t \t\t \">\r\n\t\t \t\t\t\t\t \t\t\t\t\t \t\t<img decoding=\"async\" src=\"http:\/\/tsg-leichtathletik-rasenkraftsport.heidenheim.com\/wp-content\/uploads\/2021\/05\/4-1-e1621773906727.jpg\" class=\"pins_image \" style=\"top:-16px;left:-8px\" alt=\"\">\r\n\t\t\t \t\t<img decoding=\"async\" src=\"http:\/\/tsg-leichtathletik-rasenkraftsport.heidenheim.com\/wp-content\/uploads\/2021\/05\/Station4.jpg\" class=\"pins_image_hover \"  style=\"top:-0px;left:-0px\" alt=\"\">\t\t \t\t\t\t \t<\/div>\r\n\t\t <\/div>\r\n\t\t \t\t <div class=\"drag_element tips \" style=\"top:24.29%;left:57.36%;\" >\r\n\t\t \t<div class=\"point_style has-hover ihotspot_tooltop_html\" data-placement=\"n\" data-html=\"\t\t \t\t\t \t\t \t\t \">\r\n\t\t \t\t\t\t\t \t\t\t\t\t \t\t<img decoding=\"async\" src=\"http:\/\/tsg-leichtathletik-rasenkraftsport.heidenheim.com\/wp-content\/uploads\/2021\/05\/5-1-e1621773894805.jpg\" class=\"pins_image \" style=\"top:-16px;left:-8px\" alt=\"\">\r\n\t\t\t \t\t<img decoding=\"async\" src=\"http:\/\/tsg-leichtathletik-rasenkraftsport.heidenheim.com\/wp-content\/uploads\/2021\/05\/station5.jpg\" class=\"pins_image_hover \"  style=\"top:-0px;left:-0px\" alt=\"\">\t\t \t\t\t\t \t<\/div>\r\n\t\t <\/div>\r\n\t\t \t\t <div class=\"drag_element tips \" style=\"top:32.33%;left:72.71%;\" >\r\n\t\t \t<div class=\"point_style has-hover ihotspot_tooltop_html\" data-placement=\"n\" data-html=\"\t\t \t\t\t \t\t \t\t \">\r\n\t\t \t\t\t\t\t \t\t\t\t\t \t\t<img decoding=\"async\" src=\"http:\/\/tsg-leichtathletik-rasenkraftsport.heidenheim.com\/wp-content\/uploads\/2021\/05\/6-1-e1621773882109.jpg\" class=\"pins_image \" style=\"top:-16px;left:-8px\" alt=\"\">\r\n\t\t\t \t\t<img decoding=\"async\" src=\"http:\/\/tsg-leichtathletik-rasenkraftsport.heidenheim.com\/wp-content\/uploads\/2021\/05\/station6b.jpg\" class=\"pins_image_hover \"  style=\"top:-0px;left:-0px\" alt=\"\">\t\t \t\t\t\t \t<\/div>\r\n\t\t <\/div>\r\n\t\t \t\t <div class=\"drag_element tips \" style=\"top:47.53%;left:80.16%;\" >\r\n\t\t \t<div class=\"point_style has-hover ihotspot_tooltop_html\" data-placement=\"n\" data-html=\"\t\t \t\t\t \t\t \t\t \">\r\n\t\t \t\t\t\t\t \t\t\t\t\t \t\t<img decoding=\"async\" src=\"http:\/\/tsg-leichtathletik-rasenkraftsport.heidenheim.com\/wp-content\/uploads\/2021\/05\/7-1-e1621773972827.jpg\" class=\"pins_image \" style=\"top:-16px;left:-8px\" alt=\"\">\r\n\t\t\t \t\t<img decoding=\"async\" src=\"http:\/\/tsg-leichtathletik-rasenkraftsport.heidenheim.com\/wp-content\/uploads\/2021\/05\/station7.jpg\" class=\"pins_image_hover \"  style=\"top:-0px;left:-0px\" alt=\"\">\t\t \t\t\t\t \t<\/div>\r\n\t\t <\/div>\r\n\t\t \t\t <div class=\"drag_element tips \" style=\"top:50.78%;left:86.2%;\" >\r\n\t\t \t<div class=\"point_style has-hover ihotspot_tooltop_html\" data-placement=\"n\" data-html=\"\t\t \t\t\t \t\t \t\t \">\r\n\t\t \t\t\t\t\t \t\t\t\t\t \t\t<img decoding=\"async\" src=\"http:\/\/tsg-leichtathletik-rasenkraftsport.heidenheim.com\/wp-content\/uploads\/2021\/05\/8-1-e1621773960329.jpg\" class=\"pins_image \" style=\"top:-16px;left:-8px\" alt=\"\">\r\n\t\t\t \t\t<img decoding=\"async\" src=\"http:\/\/tsg-leichtathletik-rasenkraftsport.heidenheim.com\/wp-content\/uploads\/2021\/05\/station8.jpg\" class=\"pins_image_hover \"  style=\"top:-0px;left:-0px\" alt=\"\">\t\t \t\t\t\t \t<\/div>\r\n\t\t <\/div>\r\n\t\t \t\t <div class=\"drag_element tips \" style=\"top:65.97%;left:80.77%;\" >\r\n\t\t \t<div class=\"point_style has-hover ihotspot_tooltop_html\" data-placement=\"n\" data-html=\"\t\t \t\t\t \t\t \t\t \">\r\n\t\t \t\t\t\t\t \t\t\t\t\t \t\t<img decoding=\"async\" src=\"http:\/\/tsg-leichtathletik-rasenkraftsport.heidenheim.com\/wp-content\/uploads\/2021\/05\/9-1-e1621773949197.jpg\" class=\"pins_image \" style=\"top:-16px;left:-8px\" alt=\"\">\r\n\t\t\t \t\t<img decoding=\"async\" src=\"http:\/\/tsg-leichtathletik-rasenkraftsport.heidenheim.com\/wp-content\/uploads\/2021\/05\/station9.jpg\" class=\"pins_image_hover \"  style=\"top:-0px;left:-0px\" alt=\"\">\t\t \t\t\t\t \t<\/div>\r\n\t\t <\/div>\r\n\t\t \t\t <div class=\"drag_element tips \" style=\"top:70.96%;left:70.54%;\" >\r\n\t\t \t<div class=\"point_style  ihotspot_tooltop_html\" data-placement=\"n\" data-html=\"\t\t \t\t\t                  &lt;div class=&quot;box_view_html&quot;&gt;\r\n\t\t\t\t\t&lt;span class=&quot;close_ihp&quot;&gt;\r\n\t\t\t\t\t\t&lt;svg version=&quot;1.1&quot; xmlns=&quot;http:\/\/www.w3.org\/2000\/svg&quot; xmlns:xlink=&quot;http:\/\/www.w3.org\/1999\/xlink&quot; x=&quot;0px&quot; y=&quot;0px&quot; viewBox=&quot;0 0 1000 1000&quot; enable-background=&quot;new 0 0 1000 1000&quot; xml:space=&quot;preserve&quot;&gt;&lt;g&gt;&lt;path d=&quot;M153.7,153.7C57.9,249.5,10,365.3,10,499c0,135.7,47.9,251.5,143.7,347.3l0,0C249.5,942.1,363.3,990,499,990c135.7,0,251.5-47.9,347.3-143.7C942.1,750.5,990,634.7,990,499c0-135.7-47.9-249.5-143.7-345.3l0,0C750.5,57.9,634.7,10,499,10C365.3,10,249.5,57.9,153.7,153.7z M209.6,211.6l2-2C289.4,129.7,387.2,89.8,499,89.8c113.8,0,209.6,39.9,291.4,121.8c79.8,77.8,119.8,175.6,119.8,287.4c0,113.8-39.9,209.6-119.8,291.4C708.6,870.3,612.8,910.2,499,910.2c-111.8,0-209.6-39.9-287.4-119.8C129.8,708.6,89.8,612.8,89.8,499C89.8,387.2,129.8,289.4,209.6,211.6z&quot;\/&gt;&lt;path d=&quot;M293.4,331.3c0,12,4,22,12,29.9L443.1,497L305.4,632.7c-8,8-12,18-12,29.9c0,10,4,18,12,26c8,8,18,12,28,12c12,0,20-4,27.9-10L499,552.9l135.7,137.7c8,6,16,10,28,10c12,0,21.9-4,27.9-10c8-8,12-18,12-28c0-12-4-21.9-12-29.9L554.9,497l135.7-135.7c8-8,12-18,12-27.9c0-12-4-22-12-29.9c-6-8-16-12-25.9-12c-12,0-21.9,4-29.9,12L499,441.1L363.3,303.4c-8-8-18-12-29.9-12c-10,0-20,4-28,12C297.4,311.4,293.4,321.4,293.4,331.3z&quot;\/&gt;&lt;\/g&gt;&lt;\/svg&gt;&lt;\/span&gt;\r\n\t\t\t\t\t\t&lt;p&gt;SUPER!!!&lt;\/p&gt;\n&lt;p&gt;GESCHAFFT! \ud83d\ude09&lt;\/p&gt;\n\t\t\t\t\t&lt;\/div&gt;\r\n\t\t\t \t\t \t\t \">\r\n\t\t \t\t\t\t\t \t\t\t\t\t \t\t<img decoding=\"async\" src=\"http:\/\/tsg-leichtathletik-rasenkraftsport.heidenheim.com\/wp-content\/uploads\/2021\/05\/checkered-flag-309862_1280-1-e1621762342561.png\" class=\"pins_image ihotspot_hastooltop\" style=\"top:-16px;left:-8px\" alt=\"\">\r\n\t\t\t \t\t\t\t \t\t\t\t \t<\/div>\r\n\t\t <\/div>\r\n\t\t \t\t \r\n\t\t  \t\t \t\r\n\t <\/div>\r\n\t <\/div>\r\n\t <\/div>\r\n\t\n<\/div><div class=\"fusion-separator fusion-full-width-sep\" style=\"align-self: center;margin-left: auto;margin-right: auto;width:100%;\"><div class=\"fusion-separator-border sep-double\" style=\"border-color:#e0dede;border-top-width:1px;border-bottom-width:1px;\"><\/div><\/div><div class=\"fusion-separator fusion-full-width-sep\" style=\"align-self: center;margin-left: auto;margin-right: auto;width:100%;\"><div class=\"fusion-separator-border sep-double\" style=\"border-color:#e0dede;border-top-width:1px;border-bottom-width:1px;\"><\/div><\/div><div class=\"fusion-text fusion-text-7\"><h2>Actionbound &#8211; die digitale Schnitzeljagd auf dem Handy<\/h2>\n<div>Die App Actionbound f\u00fcr Handy und Tablet bietet dir die M\u00f6glichkeit, einen vorbereiteten Rundkurs zu absolvieren. Da es kostenlos ist und dem deutschen Datenschutzrecht unterliegt, wird es gerne in Schulen und Vereinen eingesetzt. Mit dem richtigen Link oder einem eingescannten QR-Code geht es gleich los. F\u00fcr den Walsportpfad auf dem Moldenberg gibt es jetzt einen TSG-Trainings-Rundkurs!<\/div>\n<div><\/div>\n<div><b>Wie mache ich das?<\/b><\/div>\n<div>1. Actionbound-App auf dem Handy oder Tablet installieren. Es ist f\u00fcr jedes System verf\u00fcgbar.<\/div>\n<div>Links zu den App-Stores:<\/div>\n<div style=\"padding-left: 40px;\">Android:\u00a0<a href=\"https:\/\/play.google.com\/store\/apps\/details?id=de.actionbound&amp;hl=de&amp;gl=US\" target=\"_blank\" rel=\"noopener\">https:\/\/play.google.com\/store\/apps\/details?id=de.actionbound&amp;hl=de&amp;gl=US<\/a><\/div>\n<div style=\"padding-left: 40px;\">IOS:\u00a0<a href=\"https:\/\/apps.apple.com\/de\/app\/actionbound\/id582660833\" target=\"_blank\" rel=\"noopener\">https:\/\/apps.apple.com\/de\/app\/actionbound\/id582660833<\/a><\/div>\n<div><\/div>\n<div style=\"padding-left: 40px;\">Oder direkt der Link bei Actionbound:\u00a0<a href=\"https:\/\/de.actionbound.com\/download\/\" target=\"_blank\" rel=\"noopener\">https:\/\/de.actionbound.com\/download\/<\/a><\/div>\n<div><\/div>\n<div>2. Dem Link (<a href=\"https:\/\/actionbound.com\/bound\/Moldenberg\" target=\"_blank\" rel=\"noopener\">https:\/\/actionbound.com\/bound\/Moldenberg<\/a>) folgen oder den QR-Code mit der Kamera scannen oder nach dem Bound &#8222;Waldsportpfad Moldenberg&#8220; suchen.<\/div>\n<div><\/div>\n<div>3. Die App zeigt Trainingsvideos und Bilder, die mit Musik-Unterst\u00fctzung dein Training begleiten!<\/div>\n<div>\n<div style=\"padding-left: 40px;\"><\/div>\n<div><\/div>\n<div><\/div>\n<\/div>\n<div><\/div>\n<div><\/div>\n<\/div><div class=\"fusion-separator fusion-full-width-sep\" style=\"align-self: center;margin-left: auto;margin-right: auto;width:100%;\"><div class=\"fusion-separator-border sep-double\" style=\"border-color:#e0dede;border-top-width:1px;border-bottom-width:1px;\"><\/div><\/div><div ><span class=\" fusion-imageframe imageframe-none imageframe-1 hover-type-none\"><img decoding=\"async\" width=\"300\" height=\"296\" title=\"QRcode\" src=\"https:\/\/tsg-leichtathletik-rasenkraftsport.heidenheim.com\/wp-content\/uploads\/2021\/05\/QRcode-300x296.jpg\" class=\"img-responsive wp-image-3049\" srcset=\"https:\/\/tsg-leichtathletik-rasenkraftsport.heidenheim.com\/wp-content\/uploads\/2021\/05\/QRcode-200x197.jpg 200w, https:\/\/tsg-leichtathletik-rasenkraftsport.heidenheim.com\/wp-content\/uploads\/2021\/05\/QRcode.jpg 307w\" sizes=\"(max-width: 1024px) 100vw, (max-width: 640px) 100vw, 300px\" \/><\/span><\/div><\/div><style type=\"text\/css\">.fusion-body .fusion-builder-column-0{width:100% !important;margin-top : 0px;margin-bottom : 20px;}.fusion-builder-column-0 > .fusion-column-wrapper {padding-top : 0px !important;padding-right : 0px !important;margin-right : 1.92%;padding-bottom : 0px !important;padding-left : 0px !important;margin-left : 1.92%;}@media only screen and (max-width:1024px) {.fusion-body .fusion-builder-column-0{width:100% !important;order : 0;}.fusion-builder-column-0 > .fusion-column-wrapper {margin-right : 1.92%;margin-left : 1.92%;}}@media only screen and (max-width:640px) {.fusion-body .fusion-builder-column-0{width:100% !important;order : 0;}.fusion-builder-column-0 > .fusion-column-wrapper {margin-right : 1.92%;margin-left : 1.92%;}}<\/style><\/div><\/div><style type=\"text\/css\">.fusion-body .fusion-flex-container.fusion-builder-row-1{ padding-top : 0px;margin-top : 0px;padding-right : 0px;padding-bottom : 0px;margin-bottom : 0px;padding-left : 0px;}<\/style><\/div>\n","protected":false},"excerpt":{"rendered":"","protected":false},"author":12,"featured_media":0,"parent":0,"menu_order":0,"comment_status":"closed","ping_status":"closed","template":"","meta":{"footnotes":""},"class_list":["post-3007","page","type-page","status-publish","hentry"],"_links":{"self":[{"href":"https:\/\/tsg-leichtathletik-rasenkraftsport.heidenheim.com\/index.php\/wp-json\/wp\/v2\/pages\/3007","targetHints":{"allow":["GET"]}}],"collection":[{"href":"https:\/\/tsg-leichtathletik-rasenkraftsport.heidenheim.com\/index.php\/wp-json\/wp\/v2\/pages"}],"about":[{"href":"https:\/\/tsg-leichtathletik-rasenkraftsport.heidenheim.com\/index.php\/wp-json\/wp\/v2\/types\/page"}],"author":[{"embeddable":true,"href":"https:\/\/tsg-leichtathletik-rasenkraftsport.heidenheim.com\/index.php\/wp-json\/wp\/v2\/users\/12"}],"replies":[{"embeddable":true,"href":"https:\/\/tsg-leichtathletik-rasenkraftsport.heidenheim.com\/index.php\/wp-json\/wp\/v2\/comments?post=3007"}],"version-history":[{"count":25,"href":"https:\/\/tsg-leichtathletik-rasenkraftsport.heidenheim.com\/index.php\/wp-json\/wp\/v2\/pages\/3007\/revisions"}],"predecessor-version":[{"id":3077,"href":"https:\/\/tsg-leichtathletik-rasenkraftsport.heidenheim.com\/index.php\/wp-json\/wp\/v2\/pages\/3007\/revisions\/3077"}],"wp:attachment":[{"href":"https:\/\/tsg-leichtathletik-rasenkraftsport.heidenheim.com\/index.php\/wp-json\/wp\/v2\/media?parent=3007"}],"curies":[{"name":"wp","href":"https:\/\/api.w.org\/{rel}","templated":true}]}}