{"id":4439,"date":"2026-02-17T17:43:47","date_gmt":"2026-02-17T16:43:47","guid":{"rendered":"https:\/\/tsg-leichtathletik-rasenkraftsport.heidenheim.com\/?page_id=4439"},"modified":"2026-02-17T18:00:05","modified_gmt":"2026-02-17T17:00:05","slug":"abteilungsbekleidung","status":"publish","type":"page","link":"https:\/\/tsg-leichtathletik-rasenkraftsport.heidenheim.com\/index.php\/aktuelles\/abteilungsbekleidung\/","title":{"rendered":"Abteilungsbekleidung"},"content":{"rendered":"<div class=\"fusion-fullwidth fullwidth-box fusion-builder-row-1 fusion-flex-container nonhundred-percent-fullwidth non-hundred-percent-height-scrolling\" style=\"background-color: rgba(255,255,255,0);background-position: center center;background-repeat: no-repeat;border-width: 0px 0px 0px 0px;border-color:#eae9e9;border-style:solid;\" ><div class=\"fusion-builder-row fusion-row fusion-flex-align-items-flex-start\" style=\"max-width:1144px;margin-left: calc(-4% \/ 2 );margin-right: calc(-4% \/ 2 );\"><div class=\"fusion-layout-column fusion_builder_column fusion-builder-column-0 fusion_builder_column_1_1 1_1 fusion-flex-column\"><div class=\"fusion-column-wrapper fusion-flex-justify-content-flex-start fusion-content-layout-column\" style=\"background-position:left top;background-repeat:no-repeat;-webkit-background-size:cover;-moz-background-size:cover;-o-background-size:cover;background-size:cover;padding: 0px 0px 0px 0px;\"><style type=\"text\/css\">@media only screen and (max-width:1024px) {.fusion-title.fusion-title-1{margin-top:0px!important; margin-right:0px!important;margin-bottom:20px!important;margin-left:0px!important;}}@media only screen and (max-width:640px) {.fusion-title.fusion-title-1{margin-top:0px!important; margin-right:0px!important;margin-bottom:20px!important; margin-left:0px!important;}}<\/style><div class=\"fusion-title title fusion-title-1 fusion-title-text fusion-title-size-two\" style=\"margin-top:0px;margin-right:0px;margin-bottom:20px;margin-left:0px;\"><div class=\"title-sep-container title-sep-container-left fusion-no-large-visibility fusion-no-medium-visibility fusion-no-small-visibility\"><div class=\"title-sep sep-double sep-solid\" style=\"border-color:#575756;\"><\/div><\/div><h2 class=\"title-heading-left\" style=\"margin:0;\">Abteilungsbekleidung<\/h2><div class=\"title-sep-container title-sep-container-right\"><div class=\"title-sep sep-double sep-solid\" style=\"border-color:#575756;\"><\/div><\/div><\/div><div class=\"fusion-text fusion-text-1\"><p>Ab sofort kann ganzj\u00e4hrig unsere Abteilungsbekleidung \u00fcber unseren Partner Pluspunkt bezogen werden. Die Bestellung und Bezahlung l\u00e4uft direkt \u00fcber Pluspunkt, vor Ort k\u00f6nnen au\u00dferdem die meisten St\u00fccke der Kollektion anprobiert werden und nach der Beflockung auch dort abgeholt werden.<\/p>\n<p>Folgende Teile sind Bestandteil unserer Abteilungsbekleidung (bitte umbl\u00e4ttern beachten):<\/p>\n<\/div><div class=\"fusion-text fusion-text-2\"><a href=\"https:\/\/tsg-leichtathletik-rasenkraftsport.heidenheim.com\/wp-content\/uploads\/2026\/02\/TSG-Schnaitheim_Leichtathletik_Katalog_2026.pdf\" class=\"pdfemb-viewer\" style=\"\" data-width=\"max\" data-height=\"max\" data-toolbar=\"bottom\" data-toolbar-fixed=\"on\">TSG Schnaitheim_Leichtathletik_Katalog_2026<\/a>\n<\/div><\/div><style type=\"text\/css\">.fusion-body .fusion-builder-column-0{width:100% !important;margin-top : 0px;margin-bottom : 20px;}.fusion-builder-column-0 > .fusion-column-wrapper {padding-top : 0px !important;padding-right : 0px !important;margin-right : 1.92%;padding-bottom : 0px !important;padding-left : 0px !important;margin-left : 1.92%;}@media only screen and (max-width:1024px) {.fusion-body .fusion-builder-column-0{width:100% !important;order : 0;}.fusion-builder-column-0 > .fusion-column-wrapper {margin-right : 1.92%;margin-left : 1.92%;}}@media only screen and (max-width:640px) {.fusion-body .fusion-builder-column-0{width:100% !important;order : 0;}.fusion-builder-column-0 > .fusion-column-wrapper {margin-right : 1.92%;margin-left : 1.92%;}}<\/style><\/div><\/div><style type=\"text\/css\">.fusion-body .fusion-flex-container.fusion-builder-row-1{ padding-top : 0px;margin-top : 0px;padding-right : 0px;padding-bottom : 0px;margin-bottom : 0px;padding-left : 0px;}<\/style><\/div>\n","protected":false},"excerpt":{"rendered":"","protected":false},"author":12,"featured_media":0,"parent":354,"menu_order":0,"comment_status":"closed","ping_status":"closed","template":"","meta":{"footnotes":""},"class_list":["post-4439","page","type-page","status-publish","hentry"],"_links":{"self":[{"href":"https:\/\/tsg-leichtathletik-rasenkraftsport.heidenheim.com\/index.php\/wp-json\/wp\/v2\/pages\/4439","targetHints":{"allow":["GET"]}}],"collection":[{"href":"https:\/\/tsg-leichtathletik-rasenkraftsport.heidenheim.com\/index.php\/wp-json\/wp\/v2\/pages"}],"about":[{"href":"https:\/\/tsg-leichtathletik-rasenkraftsport.heidenheim.com\/index.php\/wp-json\/wp\/v2\/types\/page"}],"author":[{"embeddable":true,"href":"https:\/\/tsg-leichtathletik-rasenkraftsport.heidenheim.com\/index.php\/wp-json\/wp\/v2\/users\/12"}],"replies":[{"embeddable":true,"href":"https:\/\/tsg-leichtathletik-rasenkraftsport.heidenheim.com\/index.php\/wp-json\/wp\/v2\/comments?post=4439"}],"version-history":[{"count":5,"href":"https:\/\/tsg-leichtathletik-rasenkraftsport.heidenheim.com\/index.php\/wp-json\/wp\/v2\/pages\/4439\/revisions"}],"predecessor-version":[{"id":4451,"href":"https:\/\/tsg-leichtathletik-rasenkraftsport.heidenheim.com\/index.php\/wp-json\/wp\/v2\/pages\/4439\/revisions\/4451"}],"up":[{"embeddable":true,"href":"https:\/\/tsg-leichtathletik-rasenkraftsport.heidenheim.com\/index.php\/wp-json\/wp\/v2\/pages\/354"}],"wp:attachment":[{"href":"https:\/\/tsg-leichtathletik-rasenkraftsport.heidenheim.com\/index.php\/wp-json\/wp\/v2\/media?parent=4439"}],"curies":[{"name":"wp","href":"https:\/\/api.w.org\/{rel}","templated":true}]}}