{"id":89,"date":"2017-08-30T08:19:11","date_gmt":"2017-08-30T06:19:11","guid":{"rendered":"http:\/\/neu.tsg-leichtathletik-rasenkraftsport.heidenheim.com\/?page_id=89"},"modified":"2026-04-25T19:27:36","modified_gmt":"2026-04-25T17:27:36","slug":"laeufer","status":"publish","type":"page","link":"https:\/\/tsg-leichtathletik-rasenkraftsport.heidenheim.com\/index.php\/laeufer\/","title":{"rendered":"L\u00e4ufer"},"content":{"rendered":"<p><div class=\"fusion-fullwidth fullwidth-box fusion-builder-row-1 nonhundred-percent-fullwidth non-hundred-percent-height-scrolling\" style=\"background-color: rgba(255,255,255,0);background-position: center center;background-repeat: no-repeat;padding-top:0px;padding-right:0px;padding-bottom:0px;padding-left:0px;margin-bottom: 40px;margin-top: 0px;border-width: 0px 0px 0px 0px;border-color:#eae9e9;border-style:solid;\" ><div class=\"fusion-builder-row fusion-row\"><div class=\"fusion-layout-column fusion_builder_column fusion-builder-column-0 fusion_builder_column_1_1 1_1 fusion-one-full fusion-column-first fusion-column-last\" style=\"margin-top:0px;margin-bottom:20px;\"><div class=\"fusion-column-wrapper fusion-flex-column-wrapper-legacy\" style=\"background-position:left top;background-repeat:no-repeat;-webkit-background-size:cover;-moz-background-size:cover;-o-background-size:cover;background-size:cover;padding: 0px 0px 0px 0px;\"><div class=\"fusion-builder-row fusion-builder-row-inner fusion-row\"><div class=\"fusion-layout-column fusion_builder_column_inner fusion-builder-nested-column-0 fusion_builder_column_inner_1_1 1_1 fusion-one-full fusion-column-first fusion-column-last\" style=\"margin-top:0px;margin-bottom:20px;\"><div class=\"fusion-column-wrapper fusion-flex-column-wrapper-legacy\" style=\"background-position:left top;background-repeat:no-repeat;-webkit-background-size:cover;-moz-background-size:cover;-o-background-size:cover;background-size:cover;padding: 0px 0px 0px 0px;\"><style type=\"text\/css\">.fusion-gallery-1 .fusion-gallery-image {border:0px solid #f6f6f6;}<\/style><div class=\"fusion-gallery fusion-gallery-container fusion-grid-3 fusion-columns-total-3 fusion-gallery-layout-grid fusion-gallery-1\" style=\"margin:-5px;\"><div style=\"padding:5px;\" class=\"fusion-grid-column fusion-gallery-column fusion-gallery-column-3 hover-type-none\"><div class=\"fusion-gallery-image\"><a href=\"https:\/\/tsg-leichtathletik-rasenkraftsport.heidenheim.com\/wp-content\/uploads\/2018\/12\/Niko-2018-Start_10km3.jpg\" rel=\"noreferrer\" data-rel=\"iLightbox[gallery_image_1]\" class=\"fusion-lightbox\" target=\"_self\"><img decoding=\"async\" src=\"https:\/\/tsg-leichtathletik-rasenkraftsport.heidenheim.com\/wp-content\/uploads\/2018\/12\/Niko-2018-Start_10km3-460x295.jpg\" width=\"460\" height=\"295\" alt=\"\" title=\"Niko-2018-Start_10km(3)\" aria-label=\"Niko-2018-Start_10km(3)\" class=\"img-responsive wp-image-1817 fusion-gallery-image-size-fixed\" \/><\/a><\/div><\/div><div style=\"padding:5px;\" class=\"fusion-grid-column fusion-gallery-column fusion-gallery-column-3 hover-type-none\"><div class=\"fusion-gallery-image\"><a href=\"https:\/\/tsg-leichtathletik-rasenkraftsport.heidenheim.com\/wp-content\/uploads\/2018\/12\/Vyvn0OKg.jpeg\" rel=\"noreferrer\" data-rel=\"iLightbox[gallery_image_1]\" class=\"fusion-lightbox\" target=\"_self\"><img decoding=\"async\" src=\"https:\/\/tsg-leichtathletik-rasenkraftsport.heidenheim.com\/wp-content\/uploads\/2018\/12\/Vyvn0OKg-460x295.jpeg\" width=\"460\" height=\"295\" alt=\"\" title=\"Vyvn0OKg\" aria-label=\"Vyvn0OKg\" class=\"img-responsive wp-image-1819 fusion-gallery-image-size-fixed\" \/><\/a><\/div><\/div><div style=\"padding:5px;\" class=\"fusion-grid-column fusion-gallery-column fusion-gallery-column-3 hover-type-none\"><div class=\"fusion-gallery-image\"><a href=\"https:\/\/tsg-leichtathletik-rasenkraftsport.heidenheim.com\/wp-content\/uploads\/2018\/11\/IMG-20181104-WA0002.jpg\" rel=\"noreferrer\" data-rel=\"iLightbox[gallery_image_1]\" class=\"fusion-lightbox\" target=\"_self\"><img decoding=\"async\" src=\"https:\/\/tsg-leichtathletik-rasenkraftsport.heidenheim.com\/wp-content\/uploads\/2018\/11\/IMG-20181104-WA0002-460x295.jpg\" width=\"460\" height=\"295\" alt=\"\" title=\"Geologenlauf2018-6\" aria-label=\"Geologenlauf2018-6\" class=\"img-responsive wp-image-1745 fusion-gallery-image-size-fixed\" \/><\/a><\/div><\/div><div class=\"clearfix\"><\/div><\/div><div class=\"fusion-clearfix\"><\/div><\/div><\/div><\/div><div class=\"fusion-clearfix\"><\/div><\/div><\/div><\/div><\/div><div class=\"fusion-fullwidth fullwidth-box fusion-builder-row-2 nonhundred-percent-fullwidth non-hundred-percent-height-scrolling\" style=\"background-color: rgba(255,255,255,0);background-position: center center;background-repeat: no-repeat;padding-top:0px;padding-right:0px;padding-bottom:0px;padding-left:0px;margin-bottom: 40px;margin-top: 0px;border-width: 0px 0px 0px 0px;border-color:#eae9e9;border-style:solid;\" ><div class=\"fusion-builder-row fusion-row\"><div class=\"fusion-layout-column fusion_builder_column fusion-builder-column-1 fusion_builder_column_1_1 1_1 fusion-one-full fusion-column-first fusion-column-last\" style=\"margin-top:0px;margin-bottom:20px;\"><div class=\"fusion-column-wrapper fusion-flex-column-wrapper-legacy\" style=\"background-position:left top;background-repeat:no-repeat;-webkit-background-size:cover;-moz-background-size:cover;-o-background-size:cover;background-size:cover;padding: 0px 0px 0px 0px;\"><style type=\"text\/css\"><\/style><div class=\"fusion-title title fusion-title-1 fusion-title-text fusion-title-size-two\" style=\"margin-top:0px;margin-right:0px;margin-bottom:20px;margin-left:0px;\"><h2 class=\"title-heading-left\" style=\"margin:0;\">\u00dcber unsere Abteilung<\/h2><div class=\"title-sep-container\"><div class=\"title-sep sep-double sep-solid\" style=\"border-color:#575756;\"><\/div><\/div><\/div><div class=\"fusion-text fusion-text-1\"><p>Herausgel\u00f6st aus der traditionellen Leichtathletik liegt der Schwerpunkt unserer <strong>L\u00e4ufergruppe auf Berg-, Stra\u00dfen- und auch Volksl\u00e4ufe.<\/strong> Wir sind regelm\u00e4\u00dfig Gast bei <strong>Berglaufmeisterschaften<\/strong> oder auch bei ber\u00fchmten <strong>Marathonl\u00e4ufen.<\/strong><\/p>\n<p>Trainer J\u00fcrgen K\u00e4der hat es als Tausendsassa geschafft, immer mehr Leute an sein <strong>\u201eJogging mit J\u00fcrgen\u201c<\/strong> heranzuf\u00fchren und betreut mittlerweile eine stattliche Zahl von Langstrecklern &#8211; vom Freizeitl\u00e4ufer bis hin zu den absoluten Topleuten.<\/p>\n<\/div><div class=\"fusion-clearfix\"><\/div><\/div><\/div><\/div><\/div><div class=\"fusion-fullwidth fullwidth-box fusion-builder-row-3 nonhundred-percent-fullwidth non-hundred-percent-height-scrolling\" style=\"background-color: rgba(255,255,255,0);background-position: center center;background-repeat: no-repeat;padding-top:0px;padding-right:0px;padding-bottom:0px;padding-left:0px;margin-bottom: 40px;margin-top: 0px;border-width: 0px 0px 0px 0px;border-color:#eae9e9;border-style:solid;\" ><div class=\"fusion-builder-row fusion-row\"><div class=\"fusion-layout-column fusion_builder_column fusion-builder-column-2 fusion_builder_column_1_1 1_1 fusion-one-full fusion-column-first fusion-column-last\" style=\"margin-top:0px;margin-bottom:20px;\"><div class=\"fusion-column-wrapper fusion-flex-column-wrapper-legacy\" style=\"background-position:left top;background-repeat:no-repeat;-webkit-background-size:cover;-moz-background-size:cover;-o-background-size:cover;background-size:cover;padding: 0px 0px 0px 0px;\"><style type=\"text\/css\"><\/style><div class=\"fusion-title title fusion-title-2 fusion-title-text fusion-title-size-two\" style=\"margin-top:0px;margin-right:0px;margin-bottom:20px;margin-left:0px;\"><h2 class=\"title-heading-left\" style=\"margin:0;\">Aktuelles der L\u00e4ufer<\/h2><div class=\"title-sep-container\"><div class=\"title-sep sep-double sep-solid\" style=\"border-color:#575756;\"><\/div><\/div><\/div><div class=\"fusion-blog-shortcode fusion-blog-shortcode-1 fusion-blog-archive fusion-blog-layout-grid-wrapper fusion-blog-pagination fusion-blog-no-images\"><style type=\"text\/css\">.fusion-blog-shortcode-1 .fusion-blog-layout-grid .fusion-post-grid{padding:20px;}.fusion-blog-shortcode-1 .fusion-posts-container{margin-left: -20px !important; margin-right:-20px !important;}<\/style><div class=\"fusion-posts-container fusion-posts-container-pagination fusion-no-meta-info fusion-blog-layout-grid fusion-blog-layout-grid-2 isotope\" data-pages=\"34\" data-grid-col-space=\"40\" style=\"margin: -20px -20px 0;min-height:500px;\"><article id=\"blog-1-post-4508\" class=\"fusion-post-grid post-4508 post type-post status-publish format-standard hentry category-laufveranstaltung\">\n<div class=\"fusion-post-wrapper\" style=\"background-color:rgba(255,255,255,0);border:1px solid #ebeaea;border-bottom-width:3px;\"><div class=\"fusion-post-content-wrapper\" style=\"padding:30px 25px 20px 25px;\"><div class=\"fusion-post-content post-content\"><h2 class=\"blog-shortcode-post-title entry-title\"><a href=\"https:\/\/tsg-leichtathletik-rasenkraftsport.heidenheim.com\/index.php\/2026\/04\/27\/25-april-2026-schnaitheimer-fruehlingslauf\/\"><strong>25. April 2026<\/strong> &#8211; Schnaitheimer Fr\u00fchlingslauf<\/a><\/h2><div class=\"fusion-post-content-container\"><p> \u201eHauch von Hollywood\u201c: Diese kuriosen Geschichten brachte der Fr\u00fchlingslauf in Schnaitheim hervor Lautstark feierte Simon Abele von seiner Moderatorenkanzel eigentlich jeden der 376 L\u00e4uferinnen und L\u00e4ufer, die beim\u00a019. Fr\u00fchlingslauf der TSG Schnaitheim\u00a0auf dem Moldenberg erleichtert \u00fcber die Ziellinie eilten. \u201eEs war eine gel\u00f6ste Stimmung, es war nat\u00fcrlich [...]<\/p><\/div><\/div><\/div><div class=\"fusion-clearfix\"><\/div><\/div>\n<\/article>\n<article id=\"blog-1-post-4489\" class=\"fusion-post-grid post-4489 post type-post status-publish format-standard has-post-thumbnail hentry category-laufveranstaltung\">\n<div class=\"fusion-post-wrapper\" style=\"background-color:rgba(255,255,255,0);border:1px solid #ebeaea;border-bottom-width:3px;\"><div class=\"fusion-post-content-wrapper\" style=\"padding:30px 25px 20px 25px;\"><div class=\"fusion-post-content post-content\"><h2 class=\"blog-shortcode-post-title entry-title\"><a href=\"https:\/\/tsg-leichtathletik-rasenkraftsport.heidenheim.com\/index.php\/2026\/04\/12\/11-april-2026-marathon-am-gardasee\/\"><strong>11. April 2026<\/strong> &#8211; Marathon am Gardasee<\/a><\/h2><div class=\"fusion-post-content-container\"><p> Top Zeit beim Marathon am Gardasee Start f\u00fcr den Marathon am Gardasee war um 9:00 Uhr in Limone. Mit atemberaubendem Blick auf die Berge ging es Richtung Riva del Garda, dann hoch nach Arco und weiter nach Torbole. Anschlie\u00dfend wieder zur\u00fcck mit sch\u00f6ner Aussicht auf den Gardasee [...]<\/p><\/div><\/div><\/div><div class=\"fusion-clearfix\"><\/div><\/div>\n<\/article>\n<article id=\"blog-1-post-4480\" class=\"fusion-post-grid post-4480 post type-post status-publish format-standard has-post-thumbnail hentry category-laufveranstaltung\">\n<div class=\"fusion-post-wrapper\" style=\"background-color:rgba(255,255,255,0);border:1px solid #ebeaea;border-bottom-width:3px;\"><div class=\"fusion-post-content-wrapper\" style=\"padding:30px 25px 20px 25px;\"><div class=\"fusion-post-content post-content\"><h2 class=\"blog-shortcode-post-title entry-title\"><a href=\"https:\/\/tsg-leichtathletik-rasenkraftsport.heidenheim.com\/index.php\/2026\/04\/06\/4-april-2026-hoehlenbaerenlauf-huerben\/\"><strong>4. April 2026<\/strong>&#8211; H\u00f6hlenb\u00e4renlauf H\u00fcrben<\/a><\/h2><div class=\"fusion-post-content-container\"><p> Tolle Laufleistungen beim H\u00f6hlenb\u00e4renlauf Viele L\u00e4uferinnen und L\u00e4ufer von unserem Team starteten beim 25. Jubil\u00e4umslauf in H\u00fcrben. Frank wurde als mehrfacher Gesamtsieger \u00fcber die letzten 25 Jahre explizit angek\u00fcndigt und siegte in seiner Altersklasse M55. Auch viele andere Schnaitheimerinnen und Schnaitheimer siegten in ihren Altersklassen und standen [...]<\/p><\/div><\/div><\/div><div class=\"fusion-clearfix\"><\/div><\/div>\n<\/article>\n<article id=\"blog-1-post-4475\" class=\"fusion-post-grid post-4475 post type-post status-publish format-standard has-post-thumbnail hentry category-laufveranstaltung\">\n<div class=\"fusion-post-wrapper\" style=\"background-color:rgba(255,255,255,0);border:1px solid #ebeaea;border-bottom-width:3px;\"><div class=\"fusion-post-content-wrapper\" style=\"padding:30px 25px 20px 25px;\"><div class=\"fusion-post-content post-content\"><h2 class=\"blog-shortcode-post-title entry-title\"><a href=\"https:\/\/tsg-leichtathletik-rasenkraftsport.heidenheim.com\/index.php\/2026\/03\/30\/28-maerz-essinger-panoramalaeufe-2026\/\"><strong>28. M\u00e4rz<\/strong> &#8211; Essinger Panoramal\u00e4ufe 2026<\/a><\/h2><div class=\"fusion-post-content-container\"><p> Viele Podestpl\u00e4tze bei den Essinger Panoramal\u00e4ufe Insgesamt gingen 10 L\u00e4uferinnen und L\u00e4ufer von der TSG Schnaitheim auf den verschiedenen Strecken von 2 bis 33 km bei den Essinger Panoramal\u00e4ufen an den Start . Die Jugendlichen Janne und Ole Distler liefen die 2 km in 9:38 min und [...]<\/p><\/div><\/div><\/div><div class=\"fusion-clearfix\"><\/div><\/div>\n<\/article>\n<div class=\"fusion-clearfix\"><\/div><\/div><div class=\"pagination clearfix\"><span class=\"current\">1<\/span><a href=\"https:\/\/tsg-leichtathletik-rasenkraftsport.heidenheim.com\/index.php\/wp-json\/wp\/v2\/pages\/89\/page\/2\/\" class=\"inactive\">2<\/a><a class=\"pagination-next\" rel=\"next\" href=\"https:\/\/tsg-leichtathletik-rasenkraftsport.heidenheim.com\/index.php\/wp-json\/wp\/v2\/pages\/89\/page\/2\/\"><span class=\"page-text\">Vor<\/span><span class=\"page-next\"><\/span><\/a><\/div><div class=\"fusion-clearfix\"><\/div><\/div><div class=\"fusion-clearfix\"><\/div><\/div><\/div><\/div><\/div><div class=\"fusion-fullwidth fullwidth-box fusion-builder-row-4 nonhundred-percent-fullwidth non-hundred-percent-height-scrolling\" style=\"background-color: rgba(255,255,255,0);background-position: center center;background-repeat: no-repeat;padding-top:0px;padding-right:0px;padding-bottom:0px;padding-left:0px;margin-bottom: 40px;margin-top: 0px;border-width: 0px 0px 0px 0px;border-color:#eae9e9;border-style:solid;\" ><div class=\"fusion-builder-row fusion-row\"><div class=\"fusion-layout-column fusion_builder_column fusion-builder-column-3 fusion_builder_column_1_1 1_1 fusion-one-full fusion-column-first fusion-column-last\" style=\"margin-top:0px;margin-bottom:20px;\"><div class=\"fusion-column-wrapper fusion-flex-column-wrapper-legacy\" style=\"background-position:left top;background-repeat:no-repeat;-webkit-background-size:cover;-moz-background-size:cover;-o-background-size:cover;background-size:cover;padding: 0px 0px 0px 0px;\"><style type=\"text\/css\"><\/style><div class=\"fusion-title title fusion-title-3 fusion-title-text fusion-title-size-two\" style=\"margin-top:0px;margin-right:0px;margin-bottom:20px;margin-left:0px;\"><h2 class=\"title-heading-left\" style=\"margin:0;\">Unsere Highlights<\/h2><div class=\"title-sep-container\"><div class=\"title-sep sep-double sep-solid\" style=\"border-color:#575756;\"><\/div><\/div><\/div><div class=\"fusion-text fusion-text-2\"><p>Unter J\u00fcrgen K\u00e4ders Regie entwickelte sich der <strong>Nikolauslauf<\/strong> am ersten Dezembersamstag jeden Jahres zu einem Volkslaufevent mit \u00fcber 300 Startern. Auch der <strong>Fr\u00fchlingslauf<\/strong> hat sich zu einer echten Attraktion entwickelt.<\/p>\n<p><strong><span style=\"font-size: 18pt;\">Unser n\u00e4chstes Laufevent auf dem Moldenberg:<\/span><\/strong><\/p>\n<\/div><div class=\"fusion-countdown fusion-countdown-1 fusion-countdown-floated fusion-countdown-label-text_flow fusion-countdown-has-link\"><style type=\"text\/css\">.fusion-countdown-1 {background-color:#0068b4;margin-top:;margin-bottom:;margin-left:;margin-right:;}.fusion-countdown-1 .fusion-dash-wrapper{padding:5px;}.fusion-countdown-1 .fusion-dash{background-color:rgba(255,255,255,0.39);padding:0.6em 1.1em 0.6em 1.1em;border-radius:4px;}.fusion-countdown-1 .fusion-dash.fusion-dash{border:0px solid #1d242d;}.fusion-countdown-1 .fusion-countdown-counter-wrapper,.fusion-countdown-1 .fusion-dash-title,.fusion-countdown-1 .fusion-countdown-heading{font-size:18px;color:#ffffff;}.fusion-countdown-1 .fusion-countdown-subheading{font-size:14px;color:#ffffff;}.fusion-countdown-1  .fusion-countdown-link{color:#ffffff;}<\/style><div class=\"fusion-countdown-heading-wrapper\"><div class=\"fusion-countdown-subheading\"><\/div><div class=\"fusion-countdown-heading\">Nikolauslauf 05.12.2026<\/div><\/div><div class=\"fusion-countdown-counter-wrapper\" id=\"fusion-countdown-1\" data-gmt-offset=\"2\" data-timer=\"2026-12-05-13-00-00\" data-omit-weeks=\"1\"><div class=\"fusion-dash-wrapper \"><div class=\"fusion-dash fusion-dash-days\"><div class=\"fusion-digit-wrapper\"><div class=\"fusion-thousand-digit fusion-digit\">0<\/div><div class=\"fusion-hundred-digit fusion-digit\">0<\/div><div class=\"fusion-digit\">0<\/div><div class=\"fusion-digit\">0<\/div><\/div><div class=\"fusion-dash-title\">Days<\/div><\/div><\/div><div class=\"fusion-dash-wrapper \"><div class=\"fusion-dash fusion-dash-hours\"><div class=\"fusion-digit-wrapper\"><div class=\"fusion-digit\">0<\/div><div class=\"fusion-digit\">0<\/div><\/div><div class=\"fusion-dash-title\">Hrs<\/div><\/div><\/div><div class=\"fusion-dash-wrapper \"><div class=\"fusion-dash fusion-dash-minutes\"><div class=\"fusion-digit-wrapper\"><div class=\"fusion-digit\">0<\/div><div class=\"fusion-digit\">0<\/div><\/div><div class=\"fusion-dash-title\">Min<\/div><\/div><\/div><div class=\"fusion-dash-wrapper \"><div class=\"fusion-dash fusion-dash-seconds\"><div class=\"fusion-digit-wrapper\"><div class=\"fusion-digit\">0<\/div><div class=\"fusion-digit\">0<\/div><\/div><div class=\"fusion-dash-title\">Sec<\/div><\/div><\/div><\/div><\/div><div class=\"fusion-clearfix\"><\/div><\/div><\/div><\/div><\/div><\/p>\n","protected":false},"excerpt":{"rendered":"","protected":false},"author":12,"featured_media":0,"parent":0,"menu_order":0,"comment_status":"closed","ping_status":"closed","template":"","meta":{"footnotes":""},"class_list":["post-89","page","type-page","status-publish","hentry"],"_links":{"self":[{"href":"https:\/\/tsg-leichtathletik-rasenkraftsport.heidenheim.com\/index.php\/wp-json\/wp\/v2\/pages\/89","targetHints":{"allow":["GET"]}}],"collection":[{"href":"https:\/\/tsg-leichtathletik-rasenkraftsport.heidenheim.com\/index.php\/wp-json\/wp\/v2\/pages"}],"about":[{"href":"https:\/\/tsg-leichtathletik-rasenkraftsport.heidenheim.com\/index.php\/wp-json\/wp\/v2\/types\/page"}],"author":[{"embeddable":true,"href":"https:\/\/tsg-leichtathletik-rasenkraftsport.heidenheim.com\/index.php\/wp-json\/wp\/v2\/users\/12"}],"replies":[{"embeddable":true,"href":"https:\/\/tsg-leichtathletik-rasenkraftsport.heidenheim.com\/index.php\/wp-json\/wp\/v2\/comments?post=89"}],"version-history":[{"count":119,"href":"https:\/\/tsg-leichtathletik-rasenkraftsport.heidenheim.com\/index.php\/wp-json\/wp\/v2\/pages\/89\/revisions"}],"predecessor-version":[{"id":4499,"href":"https:\/\/tsg-leichtathletik-rasenkraftsport.heidenheim.com\/index.php\/wp-json\/wp\/v2\/pages\/89\/revisions\/4499"}],"wp:attachment":[{"href":"https:\/\/tsg-leichtathletik-rasenkraftsport.heidenheim.com\/index.php\/wp-json\/wp\/v2\/media?parent=89"}],"curies":[{"name":"wp","href":"https:\/\/api.w.org\/{rel}","templated":true}]}}